{"id":95,"date":"2018-02-13T23:15:06","date_gmt":"2018-02-13T23:15:06","guid":{"rendered":"http:\/\/groove-revolution.de\/?page_id=95"},"modified":"2018-05-24T22:42:35","modified_gmt":"2018-05-24T22:42:35","slug":"datenschutzerklaerung","status":"publish","type":"page","link":"https:\/\/groove-revolution.de\/?page_id=95","title":{"rendered":"Datenschutzerkl\u00e4rung"},"content":{"rendered":"<p><strong>Datenschutzerkl\u00e4rung<\/strong><\/p>\n<p>Diese Hinweise zum Datenschutz informieren Sie \u00fcber die Verarbeitung Ihrer personenbezogenen Daten im Zusammenhang mit der Webseite groove-revolution.de.<\/p>\n<ol>\n<li><strong> Datenschutzrechtlich Verantwortlicher<\/strong><\/li>\n<\/ol>\n<p>Datenschutzrechtlich Verantwortlicher f\u00fcr die Erhebung, Nutzung und Verarbeitung Ihrer personenbezogenen Daten im Sinne der Datenschutzgrundverordnung ist:<\/p>\n<p>Groove Revolution<br \/>\nPeter Salisko<br \/>\nAmberger Str. 46<br \/>\n81679 M\u00fcnchen<br \/>\n<u>i<\/u>nfo(at)groove-revolution.de<\/p>\n<ol start=\"2\">\n<li><strong> Betrieb der Webseite<\/strong><\/li>\n<\/ol>\n<p>Wir verarbeiten Ihre personenbezogenen Daten, um Ihnen die auf dieser Webseite abrufbaren Informationen zur Verf\u00fcgung zu stellen. Soweit Sie auf der Website angebotene Services nutzen (z.B. ein Kontaktformular zur Anforderung von Informationen), verarbeiten wir die dabei eingegebenen Daten nur, um den gew\u00fcnschten Service zu erbringen.<\/p>\n<p>Soweit in den folgenden Abschnitten nicht anders angegeben, ist die Rechtsgrundlage f\u00fcr die hiermit verbundene Datenverarbeitung jeweils Art. 6 Abs. 1 f) DSGVO (Interessenabw\u00e4gung \u2013 basierend auf unserem Interesse, Internet-Nutzern diese Website zur Verf\u00fcgung zu stellen).<\/p>\n<ol start=\"3\">\n<li><strong> Verarbeitung von personenbezogenen Daten<\/strong><\/li>\n<\/ol>\n<p>Von Ihnen eingegebene Daten (z.B. im Rahmen des Kontaktformulars) verarbeiten wir, um Ihre jeweilige Anfrage zu bearbeiten und zu beantworten.<\/p>\n<p>&nbsp;<\/p>\n<p>Zus\u00e4tzlich verarbeiten wir automatisch, um Ihnen die Inhalte dieser Webseite anzeigen zu k\u00f6nnen, folgende Daten:<\/p>\n<ul>\n<li>Die Adresse der von Ihnen aufgerufenen Seite unserer Website.<\/li>\n<li>Die Adresse der Webseite, die Sie unmittelbar davor besucht haben (der sogenannte \u201eReferrer\u201c).<\/li>\n<li>Datum und Uhrzeit Ihres Besuchs.<\/li>\n<li>Die Eigenschaften Ihres Endger\u00e4ts, insbesondere das Betriebssystem, der verwendete Browser und die Fenster-Gr\u00f6\u00dfe Ihres Browsers.<\/li>\n<li>Die IP-Adresse Ihres Endger\u00e4ts im Internet.<\/li>\n<\/ul>\n<p>&nbsp;<\/p>\n<ol start=\"4\">\n<li><strong> Google reCAPTCHA<\/strong><\/li>\n<\/ol>\n<p>Wir nutzen den reCAPTCHA Service von Google, welcher unsere Website vor Spam und Missbrauch sch\u00fctzt. Durch den Service wird verhindert, dass automatisierte Software (sogenannte Bots) missbr\u00e4uchliche Aktivit\u00e4ten auf unseren Webseiten ausf\u00fchrt, d. h. es wird gepr\u00fcft, ob die vorgenommenen Eingaben tats\u00e4chlich von einem Menschen stammen. Google erhebt dabei folgende Daten:<\/p>\n<ul>\n<li>Referrer (Adresse der Seite auf der das Captcha verwendet wird)<\/li>\n<li>IP-Adresse des Users<\/li>\n<li>Google-Account (sofern der User bei Google angemeldet ist, wird dies erkannt und zugeordnet)<\/li>\n<li>Das Eingabeverhalten des Nutzers (z. B. Eingabegeschwindigkeit in die Formularfelder, Reihenfolge der Auswahl der Eingabefelder durch den Nutzer) wird verwendet, um die Mustererkennung bei Google zu verbessern.<\/li>\n<li>Browser, Browsergr\u00f6\u00dfe und -aufl\u00f6sung, Browser-Plugins, Datum, Spracheinstellung<\/li>\n<li>Darstellungsanweisungen (CSS) und Skripte (Javascript) der Internetseite<\/li>\n<li>Mouse- bzw. Touch-Events innerhalb der Seite<\/li>\n<\/ul>\n<p>Google betreibt seine Server in den USA, d.h. in einem Drittland au\u00dferhalb der EU. Der reCAPTCHA-Dienst von Google \u00fcbermittelt Ihre Daten zur Pr\u00fcfung an diese Server. Es gibt aktuell keinen Beschluss der EU-Kommission, dass die USA allgemein ein angemessenes Schutzniveau bieten. Google hat sich jedoch dem \u201eEU-U.S. Privacy Shield Framework\u201c unterworfen, der geeignete und angemessene Garantien bietet. Weitere Informationen hierzu finden Sie hier: <a href=\"https:\/\/www.privacyshield.gov\/welcome\">https:\/\/www.privacyshield.gov\/welcome<\/a><\/p>\n<p>Weitere Informationen zu der Datenschutz-Policy von Google finden Sie unter https:\/\/policies.google.com\/privacy?hl=de<\/p>\n<p>Rechtsgrundlage f\u00fcr die in diesem Abschnitt beschriebene Datenverarbeitung ist Art. 6 Abs. 1 f) DSGVO (Interessenabw\u00e4gung, basierend auf dem Interesse von uns, Fehlfunktionen der Website durch Angriffe und\/oder technische St\u00f6rungen zu verhindern).<\/p>\n<p><strong>\u00a0<\/strong><\/p>\n<ol start=\"5\">\n<li><strong> YouTube Videos<\/strong><\/li>\n<\/ol>\n<p>Unsere Webseite blendet Videos von YouTube ein. Betreiber von YouTube ist die YouTube, LLC, 901 Cherry Ave., San Bruno, CA 94066, USA, eine Tochtergesellschaft von Google.<\/p>\n<p>Bei der Einbindung von YouTube-Inhalten kommuniziert Ihr Browser mit einem Server von YouTube in den USA, der dabei den entsprechenden Abruf der Inhalte durch Ihren Browser erfassen kann. Es gibt aktuell keinen Beschluss der EU-Kommission, dass die USA allgemein ein angemessenes Datenschutzniveau bieten. YouTube (als Google-Tochtergesellschaft) hat sich jedoch zur Einhaltung des vom US-Handelsministerium ver\u00f6ffentlichten Privacy-Shield-Abkommens zwischen der EU und den USA \u00fcber die Erhebung, Nutzung und Speicherung von personenbezogenen Daten aus den Mitgliedsstaaten der EU verpflichtet. Weitere Informationen hierzu finden Sie hier: https:\/\/support.google.com\/analytics\/answer\/7105316?hl=de<\/p>\n<p>Wenn Sie in Ihrem YouTube-Account eingeloggt sind erm\u00f6glichen Sie YouTube, Ihr Surfverhalten direkt Ihrem pers\u00f6nlichen Profil zuzuordnen. Dies k\u00f6nnen Sie verhindern, indem Sie sich aus Ihrem YouTube-Account ausloggen, bevor Sie unsere Website aufrufen.<\/p>\n<p>Weitere Informationen zum Umgang von Nutzerdaten finden Sie in der Datenschutzerkl\u00e4rung von YouTube (als Google-Tochtergesellschaft) unter: https:\/\/www.google.de\/intl\/de\/policies\/privacy<\/p>\n<p>Rechtsgrundlage f\u00fcr die in diesem Abschnitt beschriebene Einbindung von Inhalten Dritter ist Art. 6 Abs. 1 f) DSGVO (Interessenabw\u00e4gung \u2013 basierend auf unserem Interesse, den Nutzern unserer Website auf technisch effiziente Weise attraktive Inhalte pr\u00e4sentieren zu k\u00f6nnen).<\/p>\n<p>&nbsp;<\/p>\n<ol start=\"6\">\n<li><strong> Einsatz von Dienstleistern<\/strong><\/li>\n<\/ol>\n<p>F\u00fcr den Betrieb unserer Website beauftragen wir noch weitere externe Dienstleister mit der Datenverarbeitung (z.B. Hosting-Dienstleister). Soweit erforderlich, verarbeiten diese Dienstleister dabei auch personenbezogene Daten. Die Dienstleister werden von uns sorgf\u00e4ltig ausgew\u00e4hlt und \u00fcberwacht. Sie verarbeiten die Daten ausschlie\u00dflich nach unseren Weisungen.<\/p>\n<p>&nbsp;<\/p>\n<ol start=\"7\">\n<li><a name=\"_Toc514256160\"><\/a><strong> Speicherdauer<\/strong><\/li>\n<\/ol>\n<p>Von Ihnen in Kontaktfelder eingegebene Daten werden sp\u00e4testens nach dem Ablauf eventueller handels- und steuerrechtlicher Aufbewahrungsfristen nach 6 Jahren gel\u00f6scht. Automatisch erfasste Daten im Sinne von Ziffer werden nach Ihrem Besuch der Webseite wieder gel\u00f6scht.<\/p>\n<p><strong>\u00a0<\/strong><\/p>\n<ol start=\"8\">\n<li><strong> Ihre Rechte<\/strong><\/li>\n<\/ol>\n<p>Auf Anforderung teilen wir Ihnen mit, ob und welche Daten wir \u00fcber Sie gespeichert haben. Soweit die gesetzlichen Voraussetzungen vorliegen, haben Sie ein Recht auf Berichtigung, Sperrung oder L\u00f6schung dieser Daten.<\/p>\n<p>Sie haben weiter das Recht, die Sie betreffenden Daten, die Sie uns bereitgestellt haben, in einem strukturierten, g\u00e4ngigen und maschinenlesbaren Format von uns zu erhalten; Sie k\u00f6nnen diese Daten an andere Stellen \u00fcbermitteln oder \u00fcbermitteln lassen.<\/p>\n<p>Sie haben au\u00dferdem ein Beschwerderecht bei der zust\u00e4ndigen Aufsichtsbeh\u00f6rde f\u00fcr den Datenschutz.<\/p>\n<ol start=\"9\">\n<li><strong> Weitere Fragen?<\/strong><\/li>\n<\/ol>\n<p>F\u00fcr alle Fragen zum Thema Datenschutz k\u00f6nnen Sie sich gerne an uns unter folgenden Kontaktdaten wenden:<\/p>\n<p>Groove Revolution<br \/>\nPeter Salisko<br \/>\nAmberger Str. 46<br \/>\n81679 M\u00fcnchen<br \/>\ninfo(at)groove-revolution.de<\/p>\n<p>&nbsp;<\/p>\n","protected":false},"excerpt":{"rendered":"<p>Datenschutzerkl\u00e4rung Diese Hinweise zum Datenschutz informieren Sie \u00fcber die Verarbeitung Ihrer personenbezogenen Daten im Zusammenhang mit der Webseite groove-revolution.de. Datenschutzrechtlich Verantwortlicher Datenschutzrechtlich Verantwortlicher f\u00fcr die Erhebung, Nutzung und Verarbeitung Ihrer personenbezogenen Daten im Sinne der Datenschutzgrundverordnung ist: Groove Revolution Peter Salisko Amberger Str. 46 81679 M\u00fcnchen info(at)groove-revolution.de Betrieb der Webseite Wir verarbeiten Ihre personenbezogenen Daten,&hellip; <br \/> <a class=\"button small blue\" href=\"https:\/\/groove-revolution.de\/?page_id=95\">Weiterlesen<\/a><\/p>\n","protected":false},"author":1,"featured_media":46,"parent":0,"menu_order":0,"comment_status":"closed","ping_status":"closed","template":"","meta":[],"_links":{"self":[{"href":"https:\/\/groove-revolution.de\/index.php?rest_route=\/wp\/v2\/pages\/95"}],"collection":[{"href":"https:\/\/groove-revolution.de\/index.php?rest_route=\/wp\/v2\/pages"}],"about":[{"href":"https:\/\/groove-revolution.de\/index.php?rest_route=\/wp\/v2\/types\/page"}],"author":[{"embeddable":true,"href":"https:\/\/groove-revolution.de\/index.php?rest_route=\/wp\/v2\/users\/1"}],"replies":[{"embeddable":true,"href":"https:\/\/groove-revolution.de\/index.php?rest_route=%2Fwp%2Fv2%2Fcomments&post=95"}],"version-history":[{"count":3,"href":"https:\/\/groove-revolution.de\/index.php?rest_route=\/wp\/v2\/pages\/95\/revisions"}],"predecessor-version":[{"id":343,"href":"https:\/\/groove-revolution.de\/index.php?rest_route=\/wp\/v2\/pages\/95\/revisions\/343"}],"wp:featuredmedia":[{"embeddable":true,"href":"https:\/\/groove-revolution.de\/index.php?rest_route=\/wp\/v2\/media\/46"}],"wp:attachment":[{"href":"https:\/\/groove-revolution.de\/index.php?rest_route=%2Fwp%2Fv2%2Fmedia&parent=95"}],"curies":[{"name":"wp","href":"https:\/\/api.w.org\/{rel}","templated":true}]}}