{"id":48,"date":"2018-02-13T22:36:17","date_gmt":"2018-02-13T22:36:17","guid":{"rendered":"http:\/\/groove-revolution.de\/?page_id=48"},"modified":"2018-02-14T23:17:29","modified_gmt":"2018-02-14T23:17:29","slug":"untitled-page-2018-02-13-224128","status":"publish","type":"page","link":"https:\/\/groove-revolution.de\/?page_id=48","title":{"rendered":"Impressum"},"content":{"rendered":"<h3>Die Inhalte dieser Homepage sind urheberrechtlich gesch\u00fctzt.<\/h3>\r\n<h5>Die auf groove-revolution.de \u00a0ver\u00f6ffentlichten Bilder, Musik und Daten d\u00fcrfen ohne vertragliche Vereinbarung mit Groove Revolution keiner gewerblichen Nutzung zugef\u00fchrt, vervielf\u00e4ltigt und auch nicht auszugsweise ver\u00f6ffentlicht werden. Erlaubt ist jedem Nutzer die Anfertigung einer Kopie von Inhalten als Speicherung oder Druck ausschlie\u00dflich zur pers\u00f6nlichen, nicht-gewerblichen Nutzung unter der Voraussetzung, dass Legenden oder sonstige Quellenangaben nicht gef\u00e4lscht oder gel\u00f6scht werden<\/h5>\r\n<strong>Photos by Robert James Perkins &#8211;<a href=\"http:\/\/perkins.photo\"> http:\/\/perkins.photo<\/a><\/strong>\r\n<h3>\r\nKontaktieren Sie uns<\/h3>\r\nGroove Revolution Peter Salisko Amberger Str. 46 81679 M\u00fcnchen <a href=\"mailto:info@groove-revolution.de\">info@groove-revolution.de<\/a>\r\n<h3>Wichtiger Hinweis zu allen Links auf dieser Homepage<\/h3>\r\nWir haben auf dieser Homepage Links zu anderen Seiten im Internet gelegt. F\u00fcr alle Links auf diesen Seiten gilt: wir m\u00f6chten ausdr\u00fccklich betonen, dass wir keinerlei Einfluss auf die Gestaltung und die Inhalte der gelinkten Seiten haben. Deshalb distanzieren wir uns hiermit ausdr\u00fccklich von allen Inhalten aller gelinkten Seiten auf dieser Homepage und machen uns ihre Inhalte nicht zu eigen.\r\n<h3>Anbieter und verantwortlich f\u00fcr den Inhalt gem. \u00a75 TMG<\/h3>\r\nGroove Revolution Peter Salisko Amberger Str. 46 81679 M\u00fcnchen <a href=\"mailto:info@groove-revolution.de\">info@groove-revolution.de<\/a> Dieses Impressum gilt auch f\u00fcr die Facebook-Seite Facebook Groove Revolution\r\n\r\n<hr \/>\r\n\r\n<strong><em>Informationen nach Artikel 14 Abs. 1 ODR-VO<\/em><\/strong> <em>Die Europ\u00e4ische Kommission stellt eine Online-Streitbeilegung bereit, die Sie unter <a href=\"http:\/\/ec.europa.eu\/consumers\/odr\" target=\"_blank\" rel=\"noopener\">http:\/\/ec.europa.eu\/consumers\/odr<\/a> erreichen. Wir nehmen an diesen Streitbeilegungen nicht teil. <\/em><em>F\u00fcr erste Fragen zu einer m\u00f6glichen Streitschlichtung stehen wir Ihnen unter <a href=\"mailto:info@groove-revolution.de\">info@groove-revolution.de<\/a> zur Verf\u00fcgung.<\/em> <strong><em>Hinweis gem\u00e4\u00df \u00a7 36 Verbraucherstreitbeilegungsgesetz (VSBG)<\/em><\/strong> <em>Wir nehmen an einem Streitbeilegungsverfahren vor einer Verbraucherschlichtungsstelle im Sinne des VSBG nicht teil und sind hierzu auch nicht verpflichtet.<\/em>","protected":false},"excerpt":{"rendered":"<p>Die Inhalte dieser Homepage sind urheberrechtlich gesch\u00fctzt. Die auf groove-revolution.de \u00a0ver\u00f6ffentlichten Bilder, Musik und Daten d\u00fcrfen ohne vertragliche Vereinbarung mit Groove Revolution keiner gewerblichen Nutzung zugef\u00fchrt, vervielf\u00e4ltigt und auch nicht auszugsweise ver\u00f6ffentlicht werden. Erlaubt ist jedem Nutzer die Anfertigung einer Kopie von Inhalten als Speicherung oder Druck ausschlie\u00dflich zur pers\u00f6nlichen, nicht-gewerblichen Nutzung unter der Voraussetzung,&hellip; <br \/> <a class=\"button small blue\" href=\"https:\/\/groove-revolution.de\/?p=242\">Weiterlesen<\/a><\/p>\n","protected":false},"author":1,"featured_media":46,"parent":8,"menu_order":0,"comment_status":"closed","ping_status":"closed","template":"","meta":[],"_links":{"self":[{"href":"https:\/\/groove-revolution.de\/index.php?rest_route=\/wp\/v2\/pages\/48"}],"collection":[{"href":"https:\/\/groove-revolution.de\/index.php?rest_route=\/wp\/v2\/pages"}],"about":[{"href":"https:\/\/groove-revolution.de\/index.php?rest_route=\/wp\/v2\/types\/page"}],"author":[{"embeddable":true,"href":"https:\/\/groove-revolution.de\/index.php?rest_route=\/wp\/v2\/users\/1"}],"replies":[{"embeddable":true,"href":"https:\/\/groove-revolution.de\/index.php?rest_route=%2Fwp%2Fv2%2Fcomments&post=48"}],"version-history":[{"count":8,"href":"https:\/\/groove-revolution.de\/index.php?rest_route=\/wp\/v2\/pages\/48\/revisions"}],"predecessor-version":[{"id":151,"href":"https:\/\/groove-revolution.de\/index.php?rest_route=\/wp\/v2\/pages\/48\/revisions\/151"}],"up":[{"embeddable":true,"href":"https:\/\/groove-revolution.de\/index.php?rest_route=\/wp\/v2\/pages\/8"}],"wp:featuredmedia":[{"embeddable":true,"href":"https:\/\/groove-revolution.de\/index.php?rest_route=\/wp\/v2\/media\/46"}],"wp:attachment":[{"href":"https:\/\/groove-revolution.de\/index.php?rest_route=%2Fwp%2Fv2%2Fmedia&parent=48"}],"curies":[{"name":"wp","href":"https:\/\/api.w.org\/{rel}","templated":true}]}}